{"id":1014,"date":"2026-02-02T10:38:45","date_gmt":"2026-02-02T10:38:45","guid":{"rendered":"https:\/\/www.welche-hochschule-ka.de\/wp-test\/?page_id=1014"},"modified":"2026-02-02T10:39:07","modified_gmt":"2026-02-02T10:39:07","slug":"datenschutz","status":"publish","type":"page","link":"https:\/\/www.welche-hochschule-ka.de\/index.php\/datenschutz\/","title":{"rendered":"Datenschutz"},"content":{"rendered":"\t\t<div data-elementor-type=\"wp-page\" data-elementor-id=\"1014\" class=\"elementor elementor-1014\">\n\t\t\t\t<div class=\"elementor-element elementor-element-d88ec4c e-flex e-con-boxed e-con e-parent\" data-id=\"d88ec4c\" data-element_type=\"container\" data-e-type=\"container\">\n\t\t\t\t\t<div class=\"e-con-inner\">\n\t\t\t\t<div class=\"elementor-element elementor-element-313b908 elementor-widget elementor-widget-heading\" data-id=\"313b908\" data-element_type=\"widget\" data-e-type=\"widget\" data-widget_type=\"heading.default\">\n\t\t\t\t\t<h2 class=\"elementor-heading-title elementor-size-default\">Informationen zum Datenschutz gem\u00e4\u00df Artikel 13 Datenschutz-Grundverordnung (DS-GVO)<\/h2>\t\t\t\t<\/div>\n\t\t\t\t<div class=\"elementor-element elementor-element-b1cdf3c elementor-widget elementor-widget-text-editor\" data-id=\"b1cdf3c\" data-element_type=\"widget\" data-e-type=\"widget\" data-widget_type=\"text-editor.default\">\n\t\t\t\t\t\t\t\t\t<p>Mit den nachfolgenden Informationen geben wir Ihnen einen \u00dcberblick \u00fcber die Verarbeitung Ihrer personenbezogenen Daten im Zusammenhang mit dieser Webseite sowie \u00fcber Ihre Rechte aus dem Datenschutzrecht. Personenbezogene Daten sind nach Art. 4 Nr. 1 der EU-Datenschutz-Grundverordnung (DS-GVO) alle Informationen, die sich auf eine identifizierte oder identifizierbare nat\u00fcrliche Person beziehen.<\/p>\t\t\t\t\t\t\t\t<\/div>\n\t\t\t\t\t<\/div>\n\t\t\t\t<\/div>\n\t\t<div class=\"elementor-element elementor-element-947bae9 e-flex e-con-boxed e-con e-parent\" data-id=\"947bae9\" data-element_type=\"container\" data-e-type=\"container\">\n\t\t\t\t\t<div class=\"e-con-inner\">\n\t\t\t\t<div class=\"elementor-element elementor-element-37d1581 elementor-widget elementor-widget-heading\" data-id=\"37d1581\" data-element_type=\"widget\" data-e-type=\"widget\" data-widget_type=\"heading.default\">\n\t\t\t\t\t<h3 class=\"elementor-heading-title elementor-size-default\">Inhaltliche Angaben<\/h3>\t\t\t\t<\/div>\n\t\t\t\t<div class=\"elementor-element elementor-element-72dff3e elementor-widget elementor-widget-text-editor\" data-id=\"72dff3e\" data-element_type=\"widget\" data-e-type=\"widget\" data-widget_type=\"text-editor.default\">\n\t\t\t\t\t\t\t\t\t<ol id=\"inhalt_ds\"><li><b id=\"verant\">Verantwortlicher und Datenschutzbeauftragte<\/b><p>Verantwortlicher f\u00fcr die Datenverarbeitung im Sinne der DS-GVO (Art. 4 Nr. 7) sowie anderer datenschutzrechtlicher Bestimmungen ist:<\/p><p class=\"indent\">Karlsruher Institut f\u00fcr Technologie (KIT)<\/p><p class=\"indent\">Kaiserstra\u00dfe 12<br \/>76131 Karlsruhe<br \/>Deutschland<br \/>Tel.: +49 721 608-0<br \/>Fax: +49 721 608-44290<br \/>E-Mail: <a href=\"mailto:info@kit.edu\">info@kit.edu<\/a><\/p><p>Das Karlsruher Institut f\u00fcr Technologie ist K\u00f6rperschaft des \u00f6ffentlichen Rechts. Es wird vertreten durch die\/den jeweilige\/n Pr\u00e4sident\/in.<\/p><p>Unsere <b>Datenschutzbeauftragte<\/b> erreichen Sie unter <a href=\"mailto:datenschutzbeauftragte@kit.edu\">datenschutzbeauftragte@kit.edu<\/a> oder der Postadresse mit dem Zusatz \u201eDie Datenschutzbeauftragte\u201c.<\/p><\/li><li><b id=\"aufruf\">Aufruf der Webseite und Server Log Files<\/b><p><u>Umfang und Zweck:<\/u> Bei der blo\u00df informatorischen Nutzung der Webseite, wenn Sie sich also nicht registrieren oder uns anderweitig Informationen \u00fcbermitteln, erheben wir nur die personenbezogenen Daten, die Ihr Browser nach den von Ihnen vorgenommenen Einstellungen an unseren Server \u00fcbermittelt.<\/p><ul><li>Die IP-Adresse des Nutzenden<\/li><li>Datum und Uhrzeit der Anfrage\/ des Zugriffs<\/li><li>Angeforderte Seite bzw. URL<\/li><li>Zugriffsstatus\/HTTP-Statuscode<\/li><li>jeweils \u00fcbertragene Datenmenge<\/li><li>Webseiten, von denen das System des Nutzenden auf unsere Internetseite gelangt, falls der Browser des Nutzenden dies aktiv \u00fcbermittelt<\/li><li>Informationen \u00fcber den Browsertyp und die verwendete Version<\/li><li>Das Betriebssystem des Nutzenden<\/li><li>Informationen zum Verschl\u00fcsselungsprotokoll und verwendetem -algorithmus<\/li><\/ul><p>Die Daten dienen der technischen Optimierung der Webseite und zur Sicherstellung der Sicherheit unserer informationstechnischen Systeme. Die IP-Adresse ist f\u00fcr den Betrieb bzw. der Auslieferung der Webseite notwendig, wird verk\u00fcrzt in die Logfiles geschrieben und ist nach dem Request nicht mehr als Ganzes verf\u00fcgbar. Ein direkter R\u00fcckschluss auf einzelne Personen ist uns anhand dieser Daten nicht m\u00f6glich. In anonymisierter Form werden die Daten zu statistischen Zwecken verarbeitet; ein Abgleich mit anderen Datenbest\u00e4nden findet nicht statt.<\/p><p>Wenn uns konkrete Anhaltspunkte f\u00fcr eine rechtswidrige Nutzung vorliegen, behalten wir uns vor, unverk\u00fcrzte IP-Adressen zu erfassen und zu speichern.<\/p><p><u>Empf\u00e4nger:<\/u> Eine Weitergabe der Daten an Dritte findet nicht statt.<\/p><p><u>Rechtsgrundlage:<\/u> Die Rechtsgrundlage f\u00fcr die Verarbeitung dieser Daten ist Art. 6 Abs. 1 lit. e, Abs. 3 lit. b DS-GVO i.V.m. \u00a7 4 LDSG bzw. \u00a7 20 Abs. 1 KITG i.V.m. \u00a7 12 Abs. 1 LHG.<\/p><p><u>Speicherdauer:<\/u> Die personenbezogenen Daten werden solange gespeichert, wie es f\u00fcr die Erreichung des Zweckes ihrer Erhebung erforderlich ist. Nach sp\u00e4testens sieben Tagen werden die Daten gel\u00f6scht.<\/p><\/li><li><b id=\"cookie\">Cookies<\/b><p><u>Umfang und Zweck:<\/u> Zus\u00e4tzlich zu den zuvor genannten Daten werden bei der Nutzung unserer Webseite Cookies auf Ihrem Rechner gespeichert. Cookies sind kleine Textdateien, die von dem von Ihnen verwendeten Browser bei Ihnen gespeichert werden und durch welche uns (dem Server unserer Webseite) bestimmte Informationen zuflie\u00dfen. Wir nutzen sogenannte Session-Cookies (transiente Cookies), die technisch erforderlich sind, um die Webseite funktionsf\u00e4hig zu gestalten. In den von uns eingesetzten Cookies werden dabei folgende Daten gespeichert und \u00fcbermittelt:<\/p><ul><li>Session-ID (\u201ePHPSESSID\u201c)<\/li><\/ul><p><u>Empf\u00e4nger:<\/u> Eine Weitergabe der Daten an Dritte findet nicht statt.<\/p><p><u>Rechtsgrundlage:<\/u> Die Rechtsgrundlage f\u00fcr die Verarbeitung personenbezogener Daten unter Verwendung von technisch erforderlichen Cookies i.S.d. \u00a7 25 Abs. 2 TDDDG ist Art. 6 Abs. 1 lit. e, Abs. 3 lit. b DS-GVO i.V.m. \u00a7 4 LDSG bzw. \u00a7 20 Abs. 1 KITG i.V.m. \u00a7 12 Abs. 1 Abs. 1 LHG.<\/p><p><u>Speicherdauer:<\/u> Die Session-Cookies werden sp\u00e4testens dann gel\u00f6scht, wenn Sie den Browser schlie\u00dfen.<\/p><p><b>Tipp:<\/b> Sie k\u00f6nnen Ihren Browser so einstellen, dass Sie \u00fcber das Setzen von Cookies informiert werden und Cookies nur im Einzelfall erlauben, die Annahme von Cookies f\u00fcr bestimmte F\u00e4lle oder generell ausschlie\u00dfen sowie das automatische L\u00f6schen der Cookies beim Schlie\u00dfen des Browsers aktivieren. Bei der Deaktivierung von Cookies kann die Funktionalit\u00e4t dieser Webseite eingeschr\u00e4nkt sein.<\/p><\/li><li><b id=\"kontak\">Kontaktaufnahme (E-Mail, Telefon, Formular)<\/b><p><u>Umfang und Zweck:<\/u> Bei Kontaktaufnahme per E-Mail, Telefon oder \u00fcber ein Formular werden die von Ihnen \u00fcbermittelten Kontaktdaten wie E-Mail-Adresse, Telefonnummer und ggf. Name zum Zwecke der Bearbeitung und Beantwortung Ihrer Anfrage gespeichert.<\/p><p>Wir weisen darauf hin, dass die Daten\u00fcbertragung (z.B. bei der Kommunikation per E-Mail) Sicherheitsl\u00fccken aufweisen kann. Ein l\u00fcckenloser Schutz der Daten vor dem Zugriff durch Dritte ist nicht m\u00f6glich.<\/p><p><u>Empf\u00e4nger:<\/u> Sofern es f\u00fcr die Beantwortung Ihrer Kontaktaufnahme erforderlich ist, k\u00f6nnen personenbezogene Daten an aussagef\u00e4hige Stellen innerhalb des KIT weitergeleitet werden. Die jeweils zust\u00e4ndigen Besch\u00e4ftigten des KIT verwenden Ihre personenbezogenen Daten ausschlie\u00dflich zur Bearbeitung Ihrer Anfrage. Eine Weitergabe der Daten an Dritte findet nicht statt.<\/p><p><u>Rechtsgrundlage:<\/u> Die Rechtsgrundlage f\u00fcr die Verarbeitung dieser Daten ist Art. 6 Abs. 1 lit. e, Abs. 3 lit. b DS-GVO i.V.m. \u00a7 4 LDSG bzw. \u00a7 20 Abs. 1 KITG i.V.m. \u00a7 12 Abs. 1 LHG bzw. weitere in Frage kommende Rechtsvorschriften.<\/p><p><u>Speicherdauer:<\/u> Die personenbezogenen Daten werden solange gespeichert, wie es f\u00fcr die Erf\u00fcllung des o.g. Zwecks erforderlich ist, d.h. die Daten werden dann gel\u00f6scht, wenn davon auszugehen ist, dass ein Austausch nicht mehr erw\u00fcnscht ist.<\/p><\/li><li><b id=\"newsle\">Newsletter<\/b><p><u>Umfang und Zweck:<\/u> Wir verarbeiten Ihre personenbezogenen Daten aus dem entsprechenden Formular\/der Anmeldemaske f\u00fcr den Zweck der Zusendung und zugeh\u00f6rigen organisatorischen Verwaltung der Newsletter. Wir verwenden f\u00fcr die Registrierung das sog. Double-opt-in-Verfahren, d. h. Ihre Registrierung ist erst abgeschlossen, wenn Sie zuvor Ihre Anmeldung \u00fcber eine Ihnen zu diesem Zweck zugesandte Best\u00e4tigungs-E-Mail durch Klick auf den darin enthaltenen Link best\u00e4tigt haben. Falls Ihre diesbez\u00fcgliche Best\u00e4tigung nicht binnen 48 Stunden erfolgt, wird Ihre Anmeldung automatisch aus unserer Datenbank gel\u00f6scht.<\/p><p><u>Empf\u00e4nger:<\/u> Eine Weitergabe der Daten an Dritte findet nicht statt.<\/p><p><u>Rechtsgrundlage:<\/u> Die Rechtsgrundlage f\u00fcr die Verarbeitung dieser Daten ist Art. 6 Abs. 1 lit. a DS-GVO (Einwilligung).<\/p><p>Die Erteilung der Einwilligung erfolgt freiwillig. Die Einwilligung kann jederzeit mit der Wirkung f\u00fcr die Zukunft widerrufen werden. Wirkung f\u00fcr die Zukunft bedeutet, dass durch einen Widerruf der Einwilligung die Rechtm\u00e4\u00dfigkeit der aufgrund der Einwilligung bis zum Widerruf erfolgten Verarbeitung nicht ber\u00fchrt wird. Wird die Einwilligung verweigert oder widerrufen, entstehen keine Nachteile. Ohne Angabe von personenbezogenen Daten ist es uns allerdings nicht mehr m\u00f6glich, Ihnen einen Newsletter zukommen zu lassen.<\/p><p><u>Speicherdauer:<\/u> Die personenbezogenen Daten werden solange gespeichert, wie es f\u00fcr o.g. Zwecke erforderlich ist, d.h. wir speichern die Daten so lange, wie eine Einwilligung hierf\u00fcr besteht.<\/p><\/li><li><b id=\"andere\">Links zu anderen Webseiten<\/b><p>Wenn wir auf Webseiten au\u00dferhalb des KIT verlinken, gelten die dortigen Datenschutzhinweise und -informationen.<\/p><\/li><li><b id=\"versch\">Verschl\u00fcsselte \u00dcbertragung (TLS-Verschl\u00fcsselung)<\/b><p>Diese Seite nutzt zum Schutz der \u00dcbertragung aller Inhalte, wie auch der Anfragen, die Sie an uns als Seitenbetreiber senden, eine TLS-Verschl\u00fcsselung.<\/p><p>Bei TLS-Verschl\u00fcsselung, k\u00f6nnen die Daten, die Sie an uns \u00fcbermitteln, in aller Regel nicht von Dritten mitgelesen werden. Bitte beachten Sie aber, dass bei der \u00dcbertragung von Daten \u00fcber das Internet nie ein v\u00f6llig l\u00fcckenloser Schutz vor dem Zugriff Dritter gew\u00e4hrleistet werden kann.<\/p><\/li><li><b id=\"rechte\">Ihre Rechte<\/b><p>Hinsichtlich der Sie betreffenden personenbezogenen Daten haben Sie gegen\u00fcber uns folgende Rechte:<\/p><ul><li>Recht auf Widerruf Ihrer Einwilligung mit Wirkung f\u00fcr die Zukunft, sofern die Verarbeitung auf einer Einwilligung gem\u00e4\u00df Artikel 6 Absatz 1 Unterabsatz 1 Buchstabe a DS-GVO beruht (Artikel 7 Absatz 3 DS-GVO)<\/li><li>Recht auf Best\u00e4tigung, ob Sie betreffende Daten verarbeitet werden und auf Auskunft \u00fcber die verarbeiteten Daten, auf weitere Informationen \u00fcber die Datenverarbeitung sowie auf Kopien der Daten (Artikel 15 DS-GVO)<\/li><li>Recht auf Berichtigung oder Vervollst\u00e4ndigung unrichtiger bzw. unvollst\u00e4ndiger Daten (Artikel 16 DS-GVO)<\/li><li>Recht auf unverz\u00fcgliche L\u00f6schung der Sie betreffenden Daten (Artikel 17 DS-GVO)<\/li><li>Recht auf Einschr\u00e4nkung der Verarbeitung (Artikel 18 DS-GVO)<\/li><li>Recht auf Erhalt der Daten in einem strukturierten, g\u00e4ngigen und maschinenlesbaren Format, sofern die Verarbeitung auf einer Einwilligung gem\u00e4\u00df Artikel 6 Absatz 1 Unterabsatz 1 Buchstabe a oder Artikel 9 Absatz 2 Buchstabe a oder auf einem Vertrag gem\u00e4\u00df Artikel 6 Absatz 1 Unterabsatz 1 Buchstabe b beruht (Artikel 20 DS-GVO)<\/li><li>Recht auf Widerspruch gegen die k\u00fcnftige Verarbeitung der Sie betreffenden Daten, sofern die Daten nach Ma\u00dfgabe von Artikel 6 Absatz 1 Buchstabe e oder f DS-GVO verarbeitet werden (Artikel 21 DS-GVO)<\/li><\/ul><p>Sie haben zudem das Recht, sich bei der Aufsichtsbeh\u00f6rde \u00fcber die Verarbeitung der Sie betreffenden personenbezogenen Daten durch das KIT zu beschweren (Artikel 77 DS-GVO). Aufsichtsbeh\u00f6rde im Sinne des Artikels 51 Absatz 1 DS-GVO \u00fcber das KIT ist gem\u00e4\u00df \u00a7 25 Absatz 1 LDSG:<\/p><p>Der Landesbeauftragte f\u00fcr den Datenschutz und die Informationsfreiheit Baden-W\u00fcrttemberg (<a href=\"https:\/\/www.baden-wuerttemberg.datenschutz.de\/\">https:\/\/www.baden-wuerttemberg.datenschutz.de\/<\/a>).<\/p><\/li><\/ol>\t\t\t\t\t\t\t\t<\/div>\n\t\t\t\t\t<\/div>\n\t\t\t\t<\/div>\n\t\t\t\t<\/div>\n\t\t","protected":false},"excerpt":{"rendered":"<p>Informationen zum Datenschutz gem\u00e4\u00df Artikel 13 Datenschutz-Grundverordnung (DS-GVO) Mit den nachfolgenden Informationen geben wir Ihnen einen \u00dcberblick \u00fcber die Verarbeitung Ihrer personenbezogenen [&hellip;]<\/p>\n","protected":false},"author":1,"featured_media":0,"parent":0,"menu_order":0,"comment_status":"closed","ping_status":"closed","template":"elementor_header_footer","meta":{"footnotes":""},"class_list":["post-1014","page","type-page","status-publish","hentry"],"_links":{"self":[{"href":"https:\/\/www.welche-hochschule-ka.de\/index.php\/wp-json\/wp\/v2\/pages\/1014","targetHints":{"allow":["GET"]}}],"collection":[{"href":"https:\/\/www.welche-hochschule-ka.de\/index.php\/wp-json\/wp\/v2\/pages"}],"about":[{"href":"https:\/\/www.welche-hochschule-ka.de\/index.php\/wp-json\/wp\/v2\/types\/page"}],"author":[{"embeddable":true,"href":"https:\/\/www.welche-hochschule-ka.de\/index.php\/wp-json\/wp\/v2\/users\/1"}],"replies":[{"embeddable":true,"href":"https:\/\/www.welche-hochschule-ka.de\/index.php\/wp-json\/wp\/v2\/comments?post=1014"}],"version-history":[{"count":4,"href":"https:\/\/www.welche-hochschule-ka.de\/index.php\/wp-json\/wp\/v2\/pages\/1014\/revisions"}],"predecessor-version":[{"id":1018,"href":"https:\/\/www.welche-hochschule-ka.de\/index.php\/wp-json\/wp\/v2\/pages\/1014\/revisions\/1018"}],"wp:attachment":[{"href":"https:\/\/www.welche-hochschule-ka.de\/index.php\/wp-json\/wp\/v2\/media?parent=1014"}],"curies":[{"name":"wp","href":"https:\/\/api.w.org\/{rel}","templated":true}]}}