{"id":401,"date":"2021-11-01T11:30:50","date_gmt":"2021-11-01T11:30:50","guid":{"rendered":"https:\/\/demo.athemes.com\/sydney-main\/?page_id=401"},"modified":"2026-02-02T10:25:28","modified_gmt":"2026-02-02T10:25:28","slug":"about","status":"publish","type":"page","link":"https:\/\/www.welche-hochschule-ka.de\/index.php\/about\/","title":{"rendered":"Impressum"},"content":{"rendered":"\t\t<div data-elementor-type=\"wp-page\" data-elementor-id=\"401\" class=\"elementor elementor-401\">\n\t\t\t\t<div class=\"elementor-element elementor-element-f7e8936 e-flex e-con-boxed e-con e-parent\" data-id=\"f7e8936\" data-element_type=\"container\" data-e-type=\"container\">\n\t\t\t\t\t<div class=\"e-con-inner\">\n\t\t<div class=\"elementor-element elementor-element-6b56973 e-con-full e-flex e-con e-child\" data-id=\"6b56973\" data-element_type=\"container\" data-e-type=\"container\">\n\t\t\t\t<div class=\"elementor-element elementor-element-196df33 elementor-widget elementor-widget-heading\" data-id=\"196df33\" data-element_type=\"widget\" data-e-type=\"widget\" data-widget_type=\"heading.default\">\n\t\t\t\t\t<h1 class=\"elementor-heading-title elementor-size-default\">Impressum<\/h1>\t\t\t\t<\/div>\n\t\t\t\t<div class=\"elementor-element elementor-element-5e8d543 elementor-widget elementor-widget-heading\" data-id=\"5e8d543\" data-element_type=\"widget\" data-e-type=\"widget\" data-widget_type=\"heading.default\">\n\t\t\t\t\t<h2 class=\"elementor-heading-title elementor-size-default\">Anbieter<\/h2>\t\t\t\t<\/div>\n\t\t\t\t<div class=\"elementor-element elementor-element-746d016 elementor-widget elementor-widget-text-editor\" data-id=\"746d016\" data-element_type=\"widget\" data-e-type=\"widget\" data-widget_type=\"text-editor.default\">\n\t\t\t\t\t\t\t\t\t<p>Diensteanbieter im Sinne von \u00a75 Digitale Dienste Gesetz (DDG) und \u00a718 Abs. 2 Medienstaatsvertrag (MStV):<\/p>\t\t\t\t\t\t\t\t<\/div>\n\t\t<div class=\"elementor-element elementor-element-eaf26e2 e-grid e-con-full e-con e-child\" data-id=\"eaf26e2\" data-element_type=\"container\" data-e-type=\"container\">\n\t\t\t\t<div class=\"elementor-element elementor-element-15345a7 elementor-widget elementor-widget-text-editor\" data-id=\"15345a7\" data-element_type=\"widget\" data-e-type=\"widget\" data-widget_type=\"text-editor.default\">\n\t\t\t\t\t\t\t\t\t<p><strong>Rechtlicher Sitz:<\/strong><\/p>\t\t\t\t\t\t\t\t<\/div>\n\t\t\t\t<div class=\"elementor-element elementor-element-dbc9d15 elementor-widget elementor-widget-text-editor\" data-id=\"dbc9d15\" data-element_type=\"widget\" data-e-type=\"widget\" data-widget_type=\"text-editor.default\">\n\t\t\t\t\t\t\t\t\t<p>Karlsruher Institut f\u00fcr Technologie<br \/>Kaiserstra\u00dfe 12<br \/>76131 Karlsruhe<br \/>Deutschland<br \/>Tel.: +49 721 608-0<br \/>Fax: +49 721 608-44290<br \/>E-Mail: <a href=\"mailto:info@kit.edu\">info@kit.edu<\/a><\/p>\t\t\t\t\t\t\t\t<\/div>\n\t\t\t\t<div class=\"elementor-element elementor-element-6c4fcd8 elementor-widget elementor-widget-text-editor\" data-id=\"6c4fcd8\" data-element_type=\"widget\" data-e-type=\"widget\" data-widget_type=\"text-editor.default\">\n\t\t\t\t\t\t\t\t\t<p><strong>Rechtsform:<\/strong><\/p>\t\t\t\t\t\t\t\t<\/div>\n\t\t\t\t<div class=\"elementor-element elementor-element-3e2637b elementor-widget elementor-widget-text-editor\" data-id=\"3e2637b\" data-element_type=\"widget\" data-e-type=\"widget\" data-widget_type=\"text-editor.default\">\n\t\t\t\t\t\t\t\t\t<p>K\u00f6rperschaft des \u00f6ffentlichen Rechts<\/p>\t\t\t\t\t\t\t\t<\/div>\n\t\t\t\t<div class=\"elementor-element elementor-element-68ad25d elementor-widget elementor-widget-text-editor\" data-id=\"68ad25d\" data-element_type=\"widget\" data-e-type=\"widget\" data-widget_type=\"text-editor.default\">\n\t\t\t\t\t\t\t\t\t<p><strong>Vertretungsberechtigt:<\/strong><\/p>\t\t\t\t\t\t\t\t<\/div>\n\t\t\t\t<div class=\"elementor-element elementor-element-6d89966 elementor-widget elementor-widget-text-editor\" data-id=\"6d89966\" data-element_type=\"widget\" data-e-type=\"widget\" data-widget_type=\"text-editor.default\">\n\t\t\t\t\t\t\t\t\t<p>Prof. Dr. Jan S. Hesthaven (Pr\u00e4sident des KIT)<\/p>\t\t\t\t\t\t\t\t<\/div>\n\t\t\t\t<div class=\"elementor-element elementor-element-8910038 elementor-widget elementor-widget-text-editor\" data-id=\"8910038\" data-element_type=\"widget\" data-e-type=\"widget\" data-widget_type=\"text-editor.default\">\n\t\t\t\t\t\t\t\t\t<p><strong>Umsatzsteueridentifikationsnummer:<\/strong><\/p>\t\t\t\t\t\t\t\t<\/div>\n\t\t\t\t<div class=\"elementor-element elementor-element-830be42 elementor-widget elementor-widget-text-editor\" data-id=\"830be42\" data-element_type=\"widget\" data-e-type=\"widget\" data-widget_type=\"text-editor.default\">\n\t\t\t\t\t\t\t\t\t<p>DE266749428<\/p>\t\t\t\t\t\t\t\t<\/div>\n\t\t\t\t<\/div>\n\t\t\t\t<div class=\"elementor-element elementor-element-4b6507a elementor-widget elementor-widget-heading\" data-id=\"4b6507a\" data-element_type=\"widget\" data-e-type=\"widget\" data-widget_type=\"heading.default\">\n\t\t\t\t\t<h2 class=\"elementor-heading-title elementor-size-default\">Copyright<\/h2>\t\t\t\t<\/div>\n\t\t\t\t<div class=\"elementor-element elementor-element-1827912 elementor-widget elementor-widget-text-editor\" data-id=\"1827912\" data-element_type=\"widget\" data-e-type=\"widget\" data-widget_type=\"text-editor.default\">\n\t\t\t\t\t\t\t\t\t<p>F\u00fcr die Internet-Seiten des Karlsruher Instituts f\u00fcr Technologie liegen Copyright und alle weiteren Rechte beim Karlsruher Institut f\u00fcr Technologie, Kaiserstra\u00dfe 12, 76131 Karlsruhe, Deutschland. Weiterverbreitung, auch in Ausz\u00fcgen, f\u00fcr p\u00e4dagogische, wissenschaftliche oder private Zwecke ist unter Angabe der Quelle gestattet (sofern nicht anders an der entsprechenden Stelle ausdr\u00fccklich angegeben). Eine Verwendung im gewerblichen Bereich bedarf der Genehmigung durch das Karlsruher Institut f\u00fcr Technologie. Ansprechpartner ist die <a href=\"mailto:info@kit.edu\" target=\"_blank\" rel=\"noopener\">Dienstleistungseinheit Stab und Strategie<\/a>.<\/p>\t\t\t\t\t\t\t\t<\/div>\n\t\t\t\t<div class=\"elementor-element elementor-element-da390c0 elementor-widget elementor-widget-heading\" data-id=\"da390c0\" data-element_type=\"widget\" data-e-type=\"widget\" data-widget_type=\"heading.default\">\n\t\t\t\t\t<h2 class=\"elementor-heading-title elementor-size-default\">Haftung<\/h2>\t\t\t\t<\/div>\n\t\t\t\t<div class=\"elementor-element elementor-element-64a2532 elementor-widget elementor-widget-text-editor\" data-id=\"64a2532\" data-element_type=\"widget\" data-e-type=\"widget\" data-widget_type=\"text-editor.default\">\n\t\t\t\t\t\t\t\t\t<p>Diese Internetseiten dienen lediglich der Information. Ihr Inhalt wurde mit geb\u00fchrender Sorgfalt zusammengestellt. Das Karlsruher Institut f\u00fcr Technologie \u00fcbernimmt aber keine Garantie, weder ausdr\u00fccklich noch implizit, f\u00fcr die Art oder Richtigkeit des dargebotenen Materials und \u00fcbernimmt keine Haftung (einschlie\u00dflich Haftung f\u00fcr indirekten Verlust oder Gewinn- oder Umsatzverluste) bez\u00fcglich des Materials bzw. der Nutzung dieses Materials. Sollten Inhalte von Web-Seiten des Karlsruher Instituts f\u00fcr Technologie gegen geltende Rechtsvorschriften versto\u00dfen, dann bitten wir um umgehende Benachrichtigung. Wir werden die Seite oder den betreffenden Inhalt dann schnellstm\u00f6glich entfernen.<\/p>\t\t\t\t\t\t\t\t<\/div>\n\t\t\t\t<div class=\"elementor-element elementor-element-ef5dc44 elementor-widget elementor-widget-heading\" data-id=\"ef5dc44\" data-element_type=\"widget\" data-e-type=\"widget\" data-widget_type=\"heading.default\">\n\t\t\t\t\t<h2 class=\"elementor-heading-title elementor-size-default\">Verweise auf externe Web-Seiten<\/h2>\t\t\t\t<\/div>\n\t\t\t\t<div class=\"elementor-element elementor-element-76381f6 elementor-widget elementor-widget-text-editor\" data-id=\"76381f6\" data-element_type=\"widget\" data-e-type=\"widget\" data-widget_type=\"text-editor.default\">\n\t\t\t\t\t\t\t\t\t<p>Die Web-Seiten des Karlsruher Instituts f\u00fcr Technologie enthalten Verweise (Links) zu Informationsangeboten auf Servern, die nicht der Kontrolle und Verantwortlichkeit des Karlsruher Instituts f\u00fcr Technologie unterliegen. Das Karlsruher Institut f\u00fcr Technologie \u00fcbernimmt keine Verantwortung und keine Garantie f\u00fcr diese Informationen und billigt oder unterst\u00fctzt diese auch nicht inhaltlich.<\/p>\t\t\t\t\t\t\t\t<\/div>\n\t\t\t\t<div class=\"elementor-element elementor-element-ee9134c elementor-widget elementor-widget-heading\" data-id=\"ee9134c\" data-element_type=\"widget\" data-e-type=\"widget\" data-widget_type=\"heading.default\">\n\t\t\t\t\t<h2 class=\"elementor-heading-title elementor-size-default\">Datenschutz und IT-Sicherheit<\/h2>\t\t\t\t<\/div>\n\t\t\t\t<div class=\"elementor-element elementor-element-c90136b elementor-widget elementor-widget-text-editor\" data-id=\"c90136b\" data-element_type=\"widget\" data-e-type=\"widget\" data-widget_type=\"text-editor.default\">\n\t\t\t\t\t\t\t\t\t<p>Hinweise zum Datenschutz finden Sie in unserer Datenschutzerkl\u00e4rung.<\/p><p>Sollten Sie weitere Fragen zu unseren Datenschutz-Standards haben, wenden Sie sich bitte an unseren <a href=\"mailto:datenschutzbeauftragter@kit.edu\" target=\"_blank\" rel=\"noopener\">Datenschutzbeauftragten<\/a>. M\u00f6chten Sie sich \u00fcber die Konzepte und technische Realisierung unserer IT-Sicherheit informieren, wenden Sie sich bitte an unseren <a href=\"mailto:informationssicherheitsbeauftragter@kit.edu\" target=\"_blank\" rel=\"noopener\">Informationssicherheitsbeauftragten<\/a>.<\/p>\t\t\t\t\t\t\t\t<\/div>\n\t\t\t\t<\/div>\n\t\t\t\t\t<\/div>\n\t\t\t\t<\/div>\n\t\t\t\t<\/div>\n\t\t","protected":false},"excerpt":{"rendered":"<p>Impressum Anbieter Diensteanbieter im Sinne von \u00a75 Digitale Dienste Gesetz (DDG) und \u00a718 Abs. 2 Medienstaatsvertrag (MStV): Rechtlicher Sitz: Karlsruher Institut f\u00fcr [&hellip;]<\/p>\n","protected":false},"author":1,"featured_media":0,"parent":0,"menu_order":0,"comment_status":"closed","ping_status":"closed","template":"page-templates\/page_front-page.php","meta":{"footnotes":""},"class_list":["post-401","page","type-page","status-publish","hentry"],"_links":{"self":[{"href":"https:\/\/www.welche-hochschule-ka.de\/index.php\/wp-json\/wp\/v2\/pages\/401","targetHints":{"allow":["GET"]}}],"collection":[{"href":"https:\/\/www.welche-hochschule-ka.de\/index.php\/wp-json\/wp\/v2\/pages"}],"about":[{"href":"https:\/\/www.welche-hochschule-ka.de\/index.php\/wp-json\/wp\/v2\/types\/page"}],"author":[{"embeddable":true,"href":"https:\/\/www.welche-hochschule-ka.de\/index.php\/wp-json\/wp\/v2\/users\/1"}],"replies":[{"embeddable":true,"href":"https:\/\/www.welche-hochschule-ka.de\/index.php\/wp-json\/wp\/v2\/comments?post=401"}],"version-history":[{"count":6,"href":"https:\/\/www.welche-hochschule-ka.de\/index.php\/wp-json\/wp\/v2\/pages\/401\/revisions"}],"predecessor-version":[{"id":1009,"href":"https:\/\/www.welche-hochschule-ka.de\/index.php\/wp-json\/wp\/v2\/pages\/401\/revisions\/1009"}],"wp:attachment":[{"href":"https:\/\/www.welche-hochschule-ka.de\/index.php\/wp-json\/wp\/v2\/media?parent=401"}],"curies":[{"name":"wp","href":"https:\/\/api.w.org\/{rel}","templated":true}]}}