{"id":879,"date":"2021-10-29T08:15:42","date_gmt":"2021-10-29T08:15:42","guid":{"rendered":"https:\/\/demo.athemes.com\/sydney-main\/?page_id=5"},"modified":"2026-02-03T08:03:47","modified_gmt":"2026-02-03T08:03:47","slug":"my-front-page","status":"publish","type":"page","link":"https:\/\/www.welche-hochschule-ka.de\/","title":{"rendered":"Welche Hochschule passt zu mir?"},"content":{"rendered":"\t\t<div data-elementor-type=\"wp-page\" data-elementor-id=\"879\" class=\"elementor elementor-879\">\n\t\t\t\t<div class=\"elementor-element elementor-element-8b16c9e e-flex e-con-boxed e-con e-parent\" data-id=\"8b16c9e\" data-element_type=\"container\" data-e-type=\"container\" data-settings=\"{&quot;background_background&quot;:&quot;classic&quot;}\">\n\t\t\t\t\t<div class=\"e-con-inner\">\n\t\t<div class=\"elementor-element elementor-element-2405bdd e-con-full e-flex e-con e-child\" data-id=\"2405bdd\" data-element_type=\"container\" data-e-type=\"container\">\n\t\t<div class=\"elementor-element elementor-element-a49105b e-con-full e-flex e-con e-child\" data-id=\"a49105b\" data-element_type=\"container\" data-e-type=\"container\">\n\t\t<div class=\"elementor-element elementor-element-e203f77 e-con-full e-flex e-con e-child\" data-id=\"e203f77\" data-element_type=\"container\" data-e-type=\"container\">\n\t\t\t\t<div class=\"elementor-element elementor-element-5f004e7 elementor-widget elementor-widget-image\" data-id=\"5f004e7\" data-element_type=\"widget\" data-e-type=\"widget\" data-widget_type=\"image.default\">\n\t\t\t\t\t\t\t\t\t\t\t\t\t\t\t\t<a href=\"https:\/\/www.kit.edu\" target=\"_blank\">\n\t\t\t\t\t\t\t<img fetchpriority=\"high\" decoding=\"async\" width=\"905\" height=\"604\" src=\"https:\/\/www.welche-hochschule-ka.de\/wp-content\/uploads\/2025\/12\/KIT-Logo.webp\" class=\"attachment-large size-large wp-image-959\" alt=\"\" srcset=\"https:\/\/www.welche-hochschule-ka.de\/wp-content\/uploads\/2025\/12\/KIT-Logo.webp 905w, https:\/\/www.welche-hochschule-ka.de\/wp-content\/uploads\/2025\/12\/KIT-Logo-300x200.webp 300w, https:\/\/www.welche-hochschule-ka.de\/wp-content\/uploads\/2025\/12\/KIT-Logo-768x513.webp 768w, https:\/\/www.welche-hochschule-ka.de\/wp-content\/uploads\/2025\/12\/KIT-Logo-230x154.webp 230w, https:\/\/www.welche-hochschule-ka.de\/wp-content\/uploads\/2025\/12\/KIT-Logo-350x234.webp 350w, https:\/\/www.welche-hochschule-ka.de\/wp-content\/uploads\/2025\/12\/KIT-Logo-480x320.webp 480w\" sizes=\"(max-width: 905px) 100vw, 905px\" \/>\t\t\t\t\t\t\t\t<\/a>\n\t\t\t\t\t\t\t\t\t\t\t\t\t\t\t<\/div>\n\t\t\t\t<\/div>\n\t\t<div class=\"elementor-element elementor-element-d13f376 e-con-full e-flex e-con e-child\" data-id=\"d13f376\" data-element_type=\"container\" data-e-type=\"container\">\n\t\t\t\t<div class=\"elementor-element elementor-element-3a3d28e elementor-widget elementor-widget-image\" data-id=\"3a3d28e\" data-element_type=\"widget\" data-e-type=\"widget\" data-widget_type=\"image.default\">\n\t\t\t\t\t\t\t\t\t\t\t\t\t\t\t\t<a href=\"https:\/\/www.h-ka.de\" target=\"_blank\">\n\t\t\t\t\t\t\t<img decoding=\"async\" width=\"1024\" height=\"682\" src=\"https:\/\/www.welche-hochschule-ka.de\/wp-content\/uploads\/2025\/12\/HKA-Logo-1024x682.webp\" class=\"attachment-large size-large wp-image-960\" alt=\"\" srcset=\"https:\/\/www.welche-hochschule-ka.de\/wp-content\/uploads\/2025\/12\/HKA-Logo-1024x682.webp 1024w, https:\/\/www.welche-hochschule-ka.de\/wp-content\/uploads\/2025\/12\/HKA-Logo-300x200.webp 300w, https:\/\/www.welche-hochschule-ka.de\/wp-content\/uploads\/2025\/12\/HKA-Logo-768x512.webp 768w, https:\/\/www.welche-hochschule-ka.de\/wp-content\/uploads\/2025\/12\/HKA-Logo-1536x1024.webp 1536w, https:\/\/www.welche-hochschule-ka.de\/wp-content\/uploads\/2025\/12\/HKA-Logo-2048x1365.webp 2048w, https:\/\/www.welche-hochschule-ka.de\/wp-content\/uploads\/2025\/12\/HKA-Logo-1000x666.webp 1000w, https:\/\/www.welche-hochschule-ka.de\/wp-content\/uploads\/2025\/12\/HKA-Logo-230x153.webp 230w, https:\/\/www.welche-hochschule-ka.de\/wp-content\/uploads\/2025\/12\/HKA-Logo-350x233.webp 350w, https:\/\/www.welche-hochschule-ka.de\/wp-content\/uploads\/2025\/12\/HKA-Logo-480x320.webp 480w\" sizes=\"(max-width: 1024px) 100vw, 1024px\" \/>\t\t\t\t\t\t\t\t<\/a>\n\t\t\t\t\t\t\t\t\t\t\t\t\t\t\t<\/div>\n\t\t\t\t<\/div>\n\t\t<div class=\"elementor-element elementor-element-fff3df2 e-con-full e-flex e-con e-child\" data-id=\"fff3df2\" data-element_type=\"container\" data-e-type=\"container\">\n\t\t\t\t<div class=\"elementor-element elementor-element-1ef5b4e elementor-widget elementor-widget-image\" data-id=\"1ef5b4e\" data-element_type=\"widget\" data-e-type=\"widget\" data-widget_type=\"image.default\">\n\t\t\t\t\t\t\t\t\t\t\t\t\t\t\t\t<a href=\"https:\/\/www.karlsruhe.dhbw.de\/\" target=\"_blank\">\n\t\t\t\t\t\t\t<img decoding=\"async\" width=\"647\" height=\"432\" src=\"https:\/\/www.welche-hochschule-ka.de\/wp-content\/uploads\/2025\/12\/DHBW-Logo.webp\" class=\"attachment-large size-large wp-image-961\" alt=\"\" srcset=\"https:\/\/www.welche-hochschule-ka.de\/wp-content\/uploads\/2025\/12\/DHBW-Logo.webp 647w, https:\/\/www.welche-hochschule-ka.de\/wp-content\/uploads\/2025\/12\/DHBW-Logo-300x200.webp 300w, https:\/\/www.welche-hochschule-ka.de\/wp-content\/uploads\/2025\/12\/DHBW-Logo-230x154.webp 230w, https:\/\/www.welche-hochschule-ka.de\/wp-content\/uploads\/2025\/12\/DHBW-Logo-350x234.webp 350w, https:\/\/www.welche-hochschule-ka.de\/wp-content\/uploads\/2025\/12\/DHBW-Logo-480x320.webp 480w\" sizes=\"(max-width: 647px) 100vw, 647px\" \/>\t\t\t\t\t\t\t\t<\/a>\n\t\t\t\t\t\t\t\t\t\t\t\t\t\t\t<\/div>\n\t\t\t\t<\/div>\n\t\t\t\t<\/div>\n\t\t\t\t<\/div>\n\t\t\t\t\t<\/div>\n\t\t\t\t<\/div>\n\t\t<div class=\"elementor-element elementor-element-0a74fb1 e-flex e-con-boxed e-con e-parent\" data-id=\"0a74fb1\" data-element_type=\"container\" data-e-type=\"container\" data-settings=\"{&quot;background_background&quot;:&quot;classic&quot;}\">\n\t\t\t\t\t<div class=\"e-con-inner\">\n\t\t<div class=\"elementor-element elementor-element-3590bd4 e-con-full e-flex e-con e-child\" data-id=\"3590bd4\" data-element_type=\"container\" data-e-type=\"container\">\n\t\t\t\t<div class=\"elementor-element elementor-element-73b6ac1 elementor-widget elementor-widget-text-editor\" data-id=\"73b6ac1\" data-element_type=\"widget\" data-e-type=\"widget\" data-widget_type=\"text-editor.default\">\n\t\t\t\t\t\t\t\t\t<p>Wer sich f\u00fcr ein Studium interessiert, steht oft vor der Frage: <strong>Welche Hochschule passt zu mir?<\/strong> Gerade in den Ingenieur- und Wirtschaftswissenschaften werden viele Studieng\u00e4nge an unterschiedlichen Hochschularten angeboten.<\/p>\n<p>Um euch bei dieser Entscheidung zu unterst\u00fctzen, laden euch<\/p>\n<ul>\n<li>das Karlsruher Institut f\u00fcr Technologie (KIT)<\/li>\n<li>die Duale Hochschule Baden-W\u00fcrttemberg Karlsruhe (DHBW)<\/li>\n<li>die Hochschule Karlsruhe (HKA)<\/li>\n<\/ul>\n<p>zu einer gemeinsamen Informationsveranstaltung ein. In einer moderierten Gespr\u00e4chsrunde erfahrt ihr, worin sich <strong>Universit\u00e4t, Duale Hochschule und Hochschule f\u00fcr angewandte Wissenschaften<\/strong> unterscheiden \u2013 und welche Studienm\u00f6glichkeiten die jeweiligen Hochschularten bieten.<\/p>\t\t\t\t\t\t\t\t<\/div>\n\t\t\t\t<\/div>\n\t\t<div class=\"elementor-element elementor-element-f052b24 e-con-full elementor-hidden-tablet elementor-hidden-mobile e-flex e-con e-child\" data-id=\"f052b24\" data-element_type=\"container\" data-e-type=\"container\">\n\t\t\t\t<div class=\"elementor-element elementor-element-81d861a stretch-right elementor-widget elementor-widget-image\" data-id=\"81d861a\" data-element_type=\"widget\" data-e-type=\"widget\" data-widget_type=\"image.default\">\n\t\t\t\t\t\t\t\t\t\t\t\t\t\t\t<img loading=\"lazy\" decoding=\"async\" width=\"1024\" height=\"682\" src=\"https:\/\/www.welche-hochschule-ka.de\/wp-content\/uploads\/2025\/12\/Studierende-auf-dem-Campus-1024x682.jpg\" class=\"attachment-large size-large wp-image-967\" alt=\"Studierende sitzen vor dem Physikhochhaus auf der Treppe und unterhalten sich.\" srcset=\"https:\/\/www.welche-hochschule-ka.de\/wp-content\/uploads\/2025\/12\/Studierende-auf-dem-Campus-1024x682.jpg 1024w, https:\/\/www.welche-hochschule-ka.de\/wp-content\/uploads\/2025\/12\/Studierende-auf-dem-Campus-300x200.jpg 300w, https:\/\/www.welche-hochschule-ka.de\/wp-content\/uploads\/2025\/12\/Studierende-auf-dem-Campus-768x512.jpg 768w, https:\/\/www.welche-hochschule-ka.de\/wp-content\/uploads\/2025\/12\/Studierende-auf-dem-Campus-1536x1024.jpg 1536w, https:\/\/www.welche-hochschule-ka.de\/wp-content\/uploads\/2025\/12\/Studierende-auf-dem-Campus-1000x667.jpg 1000w, https:\/\/www.welche-hochschule-ka.de\/wp-content\/uploads\/2025\/12\/Studierende-auf-dem-Campus-230x153.jpg 230w, https:\/\/www.welche-hochschule-ka.de\/wp-content\/uploads\/2025\/12\/Studierende-auf-dem-Campus-350x233.jpg 350w, https:\/\/www.welche-hochschule-ka.de\/wp-content\/uploads\/2025\/12\/Studierende-auf-dem-Campus-480x320.jpg 480w, https:\/\/www.welche-hochschule-ka.de\/wp-content\/uploads\/2025\/12\/Studierende-auf-dem-Campus.jpg 2000w\" sizes=\"(max-width: 1024px) 100vw, 1024px\" \/>\t\t\t\t\t\t\t\t\t\t\t\t\t\t\t<\/div>\n\t\t\t\t<\/div>\n\t\t\t\t\t<\/div>\n\t\t\t\t<\/div>\n\t\t<div class=\"elementor-element elementor-element-f9f8b41 e-flex e-con-boxed e-con e-parent\" data-id=\"f9f8b41\" data-element_type=\"container\" data-e-type=\"container\" data-settings=\"{&quot;background_background&quot;:&quot;classic&quot;}\">\n\t\t\t\t\t<div class=\"e-con-inner\">\n\t\t<div class=\"elementor-element elementor-element-6e84b93 e-con-full e-flex e-con e-child\" data-id=\"6e84b93\" data-element_type=\"container\" data-e-type=\"container\">\n\t\t\t\t<div class=\"elementor-element elementor-element-ca251a7 elementor-view-framed elementor-shape-rounded elementor-widget__width-auto elementor-widget elementor-widget-icon\" data-id=\"ca251a7\" data-element_type=\"widget\" data-e-type=\"widget\" data-widget_type=\"icon.default\">\n\t\t\t\t\t\t\t<div class=\"elementor-icon-wrapper\">\n\t\t\t<div class=\"elementor-icon\">\n\t\t\t<svg aria-hidden=\"true\" class=\"e-font-icon-svg e-fas-clock\" viewBox=\"0 0 512 512\" xmlns=\"http:\/\/www.w3.org\/2000\/svg\"><path d=\"M256,8C119,8,8,119,8,256S119,504,256,504,504,393,504,256,393,8,256,8Zm92.49,313h0l-20,25a16,16,0,0,1-22.49,2.5h0l-67-49.72a40,40,0,0,1-15-31.23V112a16,16,0,0,1,16-16h32a16,16,0,0,1,16,16V256l58,42.5A16,16,0,0,1,348.49,321Z\"><\/path><\/svg>\t\t\t<\/div>\n\t\t<\/div>\n\t\t\t\t\t\t<\/div>\n\t\t\t\t<div class=\"elementor-element elementor-element-63e62ea elementor-widget__width-initial elementor-widget elementor-widget-heading\" data-id=\"63e62ea\" data-element_type=\"widget\" data-e-type=\"widget\" data-widget_type=\"heading.default\">\n\t\t\t\t\t<h1 class=\"elementor-heading-title elementor-size-default\"><p><strong>19. M\u00e4rz 2026<strong><\/strong><\/strong><\/p><p><strong><strong><strong>18:00 Uhr<\/strong><\/strong><\/strong><\/p><\/h1>\t\t\t\t<\/div>\n\t\t\t\t<\/div>\n\t\t<div class=\"elementor-element elementor-element-198b3bd e-con-full e-flex e-con e-child\" data-id=\"198b3bd\" data-element_type=\"container\" data-e-type=\"container\">\n\t\t\t\t<div class=\"elementor-element elementor-element-de8868b elementor-view-framed elementor-shape-rounded elementor-widget__width-auto elementor-widget elementor-widget-icon\" data-id=\"de8868b\" data-element_type=\"widget\" data-e-type=\"widget\" data-widget_type=\"icon.default\">\n\t\t\t\t\t\t\t<div class=\"elementor-icon-wrapper\">\n\t\t\t<div class=\"elementor-icon\">\n\t\t\t<svg aria-hidden=\"true\" class=\"e-font-icon-svg e-fas-house-damage\" viewBox=\"0 0 576 512\" xmlns=\"http:\/\/www.w3.org\/2000\/svg\"><path d=\"M288 114.96L69.47 307.71c-1.62 1.46-3.69 2.14-5.47 3.35V496c0 8.84 7.16 16 16 16h149.23L192 439.19l104.11-64-60.16-119.22L384 392.75l-104.11 64L319.81 512H496c8.84 0 16-7.16 16-16V311.1c-1.7-1.16-3.72-1.82-5.26-3.2L288 114.96zm282.69 121.32L512 184.45V48c0-8.84-7.16-16-16-16h-64c-8.84 0-16 7.16-16 16v51.69L314.75 10.31C307.12 3.45 297.56.01 288 0s-19.1 3.41-26.7 10.27L5.31 236.28c-6.57 5.91-7.12 16.02-1.21 22.6l21.4 23.82c5.9 6.57 16.02 7.12 22.6 1.21L277.42 81.63c6.05-5.33 15.12-5.33 21.17 0L527.91 283.9c6.57 5.9 16.69 5.36 22.6-1.21l21.4-23.82c5.9-6.57 5.36-16.69-1.22-22.59z\"><\/path><\/svg>\t\t\t<\/div>\n\t\t<\/div>\n\t\t\t\t\t\t<\/div>\n\t\t\t\t<div class=\"elementor-element elementor-element-729c15c elementor-widget elementor-widget-heading\" data-id=\"729c15c\" data-element_type=\"widget\" data-e-type=\"widget\" data-widget_type=\"heading.default\">\n\t\t\t\t\t<h2 class=\"elementor-heading-title elementor-size-default\"><p>Duale Hochschule Baden-W\u00fcrttemberg Karlsruhe (DHBW)<\/p>\n<p>Erzbergerstra\u00dfe 121<\/p>\n<p>76133 Karlsruhe<\/p><\/h2>\t\t\t\t<\/div>\n\t\t\t\t<\/div>\n\t\t\t\t\t<\/div>\n\t\t\t\t<\/div>\n\t\t<div class=\"elementor-element elementor-element-c082c48 e-flex e-con-boxed e-con e-parent\" data-id=\"c082c48\" data-element_type=\"container\" data-e-type=\"container\" data-settings=\"{&quot;background_background&quot;:&quot;classic&quot;}\">\n\t\t\t\t\t<div class=\"e-con-inner\">\n\t\t<div class=\"elementor-element elementor-element-789c91f e-con-full e-flex e-con e-child\" data-id=\"789c91f\" data-element_type=\"container\" data-e-type=\"container\">\n\t\t\t\t<div class=\"elementor-element elementor-element-61b33c6 elementor-widget-tablet__width-initial elementor-widget-mobile__width-inherit team-member-align-left elementor-widget elementor-widget-athemes-addons-team-member\" data-id=\"61b33c6\" data-element_type=\"widget\" data-e-type=\"widget\" data-widget_type=\"athemes-addons-team-member.default\">\n\t\t\t\t<div class=\"elementor-widget-container\">\n\t\t\t\t\t\t\t<div class=\"athemes-addons-team-member\">\r\n\t\t\t<div class=\"team-member-inner\">\r\n\t\t\t\t<div class=\"team-member-image\" data-effect=\"none\">\r\n\t\t\t\t\t<img loading=\"lazy\" decoding=\"async\" width=\"753\" height=\"1024\" src=\"https:\/\/www.welche-hochschule-ka.de\/wp-content\/uploads\/2026\/02\/KIT-Hiller-scaled-e1770031058421-753x1024.jpg\" class=\"attachment-large size-large wp-image-1020\" alt=\"Portrait von Prof. Dr.-Ing. Marc Hiller\" srcset=\"https:\/\/www.welche-hochschule-ka.de\/wp-content\/uploads\/2026\/02\/KIT-Hiller-scaled-e1770031058421-753x1024.jpg 753w, https:\/\/www.welche-hochschule-ka.de\/wp-content\/uploads\/2026\/02\/KIT-Hiller-scaled-e1770031058421-221x300.jpg 221w, https:\/\/www.welche-hochschule-ka.de\/wp-content\/uploads\/2026\/02\/KIT-Hiller-scaled-e1770031058421-768x1044.jpg 768w, https:\/\/www.welche-hochschule-ka.de\/wp-content\/uploads\/2026\/02\/KIT-Hiller-scaled-e1770031058421-1130x1536.jpg 1130w, https:\/\/www.welche-hochschule-ka.de\/wp-content\/uploads\/2026\/02\/KIT-Hiller-scaled-e1770031058421-1507x2048.jpg 1507w, https:\/\/www.welche-hochschule-ka.de\/wp-content\/uploads\/2026\/02\/KIT-Hiller-scaled-e1770031058421-1000x1359.jpg 1000w, https:\/\/www.welche-hochschule-ka.de\/wp-content\/uploads\/2026\/02\/KIT-Hiller-scaled-e1770031058421-230x313.jpg 230w, https:\/\/www.welche-hochschule-ka.de\/wp-content\/uploads\/2026\/02\/KIT-Hiller-scaled-e1770031058421-350x476.jpg 350w, https:\/\/www.welche-hochschule-ka.de\/wp-content\/uploads\/2026\/02\/KIT-Hiller-scaled-e1770031058421-480x652.jpg 480w, https:\/\/www.welche-hochschule-ka.de\/wp-content\/uploads\/2026\/02\/KIT-Hiller-scaled-e1770031058421.jpg 1707w\" sizes=\"(max-width: 753px) 100vw, 753px\" \/>\t\t\t\t<\/div>\r\n\t\t\t\t<div class=\"team-member-content\">\r\n\t\t\t\t\t\t\t\t\t\t<h3 class=\"team-member-name\">Professor Dr.-Ing. Marc Hiller<\/h3>\r\n\t\t\t\t\t\t\t\t\t\t\t<div class=\"team-member-position\">Provost Lehre, KIT<\/div>\r\n\t\t\t\t\t\t\t\t\t\t\t\t\t\t\t\t\t\t\t\t\t<div class=\"team-member-short-bio\"><span style=\"font-size: 0.7rem\">Foto: Karlsruher Institut f\u00fcr Technologie<\/span><\/div>\r\n\t\t\t\t\t\t\t\t\t\t\t\t\t\t<\/div>\r\n\t\t\t<\/div>\r\n\t\t<\/div>\r\n\t\t\t\t\t\t<\/div>\n\t\t\t\t<\/div>\n\t\t\t\t<div class=\"elementor-element elementor-element-988fdee elementor-widget-tablet__width-initial elementor-widget-mobile__width-inherit team-member-align-left elementor-widget elementor-widget-athemes-addons-team-member\" data-id=\"988fdee\" data-element_type=\"widget\" data-e-type=\"widget\" data-widget_type=\"athemes-addons-team-member.default\">\n\t\t\t\t<div class=\"elementor-widget-container\">\n\t\t\t\t\t\t\t<div class=\"athemes-addons-team-member\">\r\n\t\t\t<div class=\"team-member-inner\">\r\n\t\t\t\t<div class=\"team-member-image\" data-effect=\"none\">\r\n\t\t\t\t\t<img loading=\"lazy\" decoding=\"async\" width=\"1024\" height=\"683\" src=\"https:\/\/www.welche-hochschule-ka.de\/wp-content\/uploads\/2026\/02\/HKA-Neumann-1024x683.jpg\" class=\"attachment-large size-large wp-image-1022\" alt=\"Portrait von Professor Dr.-Ing. Rainer Neumann\" srcset=\"https:\/\/www.welche-hochschule-ka.de\/wp-content\/uploads\/2026\/02\/HKA-Neumann-1024x683.jpg 1024w, https:\/\/www.welche-hochschule-ka.de\/wp-content\/uploads\/2026\/02\/HKA-Neumann-300x200.jpg 300w, https:\/\/www.welche-hochschule-ka.de\/wp-content\/uploads\/2026\/02\/HKA-Neumann-768x512.jpg 768w, https:\/\/www.welche-hochschule-ka.de\/wp-content\/uploads\/2026\/02\/HKA-Neumann-1000x667.jpg 1000w, https:\/\/www.welche-hochschule-ka.de\/wp-content\/uploads\/2026\/02\/HKA-Neumann-230x153.jpg 230w, https:\/\/www.welche-hochschule-ka.de\/wp-content\/uploads\/2026\/02\/HKA-Neumann-350x233.jpg 350w, https:\/\/www.welche-hochschule-ka.de\/wp-content\/uploads\/2026\/02\/HKA-Neumann-480x320.jpg 480w, https:\/\/www.welche-hochschule-ka.de\/wp-content\/uploads\/2026\/02\/HKA-Neumann.jpg 1200w\" sizes=\"(max-width: 1024px) 100vw, 1024px\" \/>\t\t\t\t<\/div>\r\n\t\t\t\t<div class=\"team-member-content\">\r\n\t\t\t\t\t\t\t\t\t\t<h3 class=\"team-member-name\">Professor Dr.-Ing. Rainer Neumann<\/h3>\r\n\t\t\t\t\t\t\t\t\t\t\t<div class=\"team-member-position\">Prorektor f\u00fcr Studium, Lehre und Lebenslanges Lernen, HKA<\/div>\r\n\t\t\t\t\t\t\t\t\t\t\t\t\t\t\t\t\t\t\t\t\t<div class=\"team-member-short-bio\"><span style=\"font-size: 0.7rem\">Foto: Hochschule Karlsruhe<\/span><\/div>\r\n\t\t\t\t\t\t\t\t\t\t\t\t\t\t<\/div>\r\n\t\t\t<\/div>\r\n\t\t<\/div>\r\n\t\t\t\t\t\t<\/div>\n\t\t\t\t<\/div>\n\t\t\t\t<div class=\"elementor-element elementor-element-c88b64e elementor-widget-tablet__width-initial elementor-widget-mobile__width-inherit team-member-align-left elementor-widget elementor-widget-athemes-addons-team-member\" data-id=\"c88b64e\" data-element_type=\"widget\" data-e-type=\"widget\" data-widget_type=\"athemes-addons-team-member.default\">\n\t\t\t\t<div class=\"elementor-widget-container\">\n\t\t\t\t\t\t\t<div class=\"athemes-addons-team-member\">\r\n\t\t\t<div class=\"team-member-inner\">\r\n\t\t\t\t<div class=\"team-member-image\" data-effect=\"none\">\r\n\t\t\t\t\t<img loading=\"lazy\" decoding=\"async\" width=\"1024\" height=\"683\" src=\"https:\/\/www.welche-hochschule-ka.de\/wp-content\/uploads\/2026\/02\/DHBW-Ganninger-1024x683.jpg\" class=\"attachment-large size-large wp-image-1023\" alt=\"Portrait von Professor Dr.-Ing. Aline Ganninger\" srcset=\"https:\/\/www.welche-hochschule-ka.de\/wp-content\/uploads\/2026\/02\/DHBW-Ganninger-1024x683.jpg 1024w, https:\/\/www.welche-hochschule-ka.de\/wp-content\/uploads\/2026\/02\/DHBW-Ganninger-300x200.jpg 300w, https:\/\/www.welche-hochschule-ka.de\/wp-content\/uploads\/2026\/02\/DHBW-Ganninger-768x512.jpg 768w, https:\/\/www.welche-hochschule-ka.de\/wp-content\/uploads\/2026\/02\/DHBW-Ganninger-1536x1024.jpg 1536w, https:\/\/www.welche-hochschule-ka.de\/wp-content\/uploads\/2026\/02\/DHBW-Ganninger-2048x1365.jpg 2048w, https:\/\/www.welche-hochschule-ka.de\/wp-content\/uploads\/2026\/02\/DHBW-Ganninger-1000x667.jpg 1000w, https:\/\/www.welche-hochschule-ka.de\/wp-content\/uploads\/2026\/02\/DHBW-Ganninger-230x153.jpg 230w, https:\/\/www.welche-hochschule-ka.de\/wp-content\/uploads\/2026\/02\/DHBW-Ganninger-350x233.jpg 350w, https:\/\/www.welche-hochschule-ka.de\/wp-content\/uploads\/2026\/02\/DHBW-Ganninger-480x320.jpg 480w\" sizes=\"(max-width: 1024px) 100vw, 1024px\" \/>\t\t\t\t<\/div>\r\n\t\t\t\t<div class=\"team-member-content\">\r\n\t\t\t\t\t\t\t\t\t\t<h3 class=\"team-member-name\">Professor Dr.-Ing. Aline Ganninger<\/h3>\r\n\t\t\t\t\t\t\t\t\t\t\t<div class=\"team-member-position\">Prodekanin Fakult\u00e4t Technik, DHBW<\/div>\r\n\t\t\t\t\t\t\t\t\t\t\t\t\t\t\t\t\t\t\t\t\t<div class=\"team-member-short-bio\"><span style=\"font-size: 0.7rem\">Foto: Duale Hochschule Baden-W\u00fcrttemberg Karlsruhe<\/span><\/div>\r\n\t\t\t\t\t\t\t\t\t\t\t\t\t\t<\/div>\r\n\t\t\t<\/div>\r\n\t\t<\/div>\r\n\t\t\t\t\t\t<\/div>\n\t\t\t\t<\/div>\n\t\t\t\t<\/div>\n\t\t<div class=\"elementor-element elementor-element-68a08be e-con-full e-flex e-con e-child\" data-id=\"68a08be\" data-element_type=\"container\" data-e-type=\"container\" data-settings=\"{&quot;background_background&quot;:&quot;classic&quot;}\">\n\t\t\t\t<div class=\"elementor-element elementor-element-e57a10d elementor-widget elementor-widget-text-editor\" data-id=\"e57a10d\" data-element_type=\"widget\" data-e-type=\"widget\" data-widget_type=\"text-editor.default\">\n\t\t\t\t\t\t\t\t\t<p data-start=\"190\" data-end=\"488\">In drei kurzen Vortr\u00e4gen erfahrt ihr von Professorinnen und Professoren des Karlsruher Instituts f\u00fcr Technologie (KIT), der Dualen Hochschule Baden-W\u00fcrttemberg Karlsruhe (DHBW) und der Hochschule Karlsruhe (HKA), was die jeweilige Hochschulart ausmacht und welche Studieng\u00e4nge dort angeboten werden.<\/p><p data-start=\"490\" data-end=\"779\">Anschlie\u00dfend erz\u00e4hlen Studierende der drei Hochschulen, warum sie sich f\u00fcr ihr Studium entschieden haben, wie ihr Studienalltag aussieht und welche Erfahrungen sie bisher gesammelt haben. In einer moderierten Gespr\u00e4chsrunde habt ihr au\u00dferdem die M\u00f6glichkeit, eure Fragen direkt zu stellen.<\/p><p data-start=\"781\" data-end=\"992\">Im Foyer k\u00f6nnt ihr euch an den Infost\u00e4nden der drei Hochschulen weiter informieren. Studienberaterinnen und Studienberater beantworten dort eure Fragen zur Studienorientierung und zu den einzelnen Studieng\u00e4ngen.<\/p><p data-start=\"994\" data-end=\"1090\">Auch Eltern, Lehrerinnen und Lehrer sowie alle weiteren Interessierten sind herzlich willkommen.<\/p>\t\t\t\t\t\t\t\t<\/div>\n\t\t\t\t<\/div>\n\t\t\t\t\t<\/div>\n\t\t\t\t<\/div>\n\t\t\t\t<\/div>\n\t\t","protected":false},"excerpt":{"rendered":"<p>Wer sich f\u00fcr ein Studium interessiert, steht oft vor der Frage: Welche Hochschule passt zu mir? Gerade in den Ingenieur- und Wirtschaftswissenschaften [&hellip;]<\/p>\n","protected":false},"author":1,"featured_media":0,"parent":0,"menu_order":0,"comment_status":"closed","ping_status":"closed","template":"page-templates\/page_front-page.php","meta":{"footnotes":""},"class_list":["post-879","page","type-page","status-publish","hentry"],"_links":{"self":[{"href":"https:\/\/www.welche-hochschule-ka.de\/index.php\/wp-json\/wp\/v2\/pages\/879","targetHints":{"allow":["GET"]}}],"collection":[{"href":"https:\/\/www.welche-hochschule-ka.de\/index.php\/wp-json\/wp\/v2\/pages"}],"about":[{"href":"https:\/\/www.welche-hochschule-ka.de\/index.php\/wp-json\/wp\/v2\/types\/page"}],"author":[{"embeddable":true,"href":"https:\/\/www.welche-hochschule-ka.de\/index.php\/wp-json\/wp\/v2\/users\/1"}],"replies":[{"embeddable":true,"href":"https:\/\/www.welche-hochschule-ka.de\/index.php\/wp-json\/wp\/v2\/comments?post=879"}],"version-history":[{"count":29,"href":"https:\/\/www.welche-hochschule-ka.de\/index.php\/wp-json\/wp\/v2\/pages\/879\/revisions"}],"predecessor-version":[{"id":1031,"href":"https:\/\/www.welche-hochschule-ka.de\/index.php\/wp-json\/wp\/v2\/pages\/879\/revisions\/1031"}],"wp:attachment":[{"href":"https:\/\/www.welche-hochschule-ka.de\/index.php\/wp-json\/wp\/v2\/media?parent=879"}],"curies":[{"name":"wp","href":"https:\/\/api.w.org\/{rel}","templated":true}]}}